{"id":1132,"date":"2018-07-07T11:27:10","date_gmt":"2018-07-07T11:27:10","guid":{"rendered":"http:\/\/shoptimizer.local\/?page_id=779"},"modified":"2026-01-28T09:02:52","modified_gmt":"2026-01-28T09:02:52","slug":"contactos","status":"publish","type":"page","link":"https:\/\/ctelexport.com\/web\/index.php\/contactos\/","title":{"rendered":"Contactos"},"content":{"rendered":"\t\t<div data-elementor-type=\"wp-post\" data-elementor-id=\"1132\" class=\"elementor elementor-1132\">\n\t\t\t\t\t\t<section class=\"elementor-section elementor-top-section elementor-element elementor-element-6a79221 elementor-section-stretched elementor-section-full_width elementor-section-height-default elementor-section-height-default\" data-id=\"6a79221\" data-element_type=\"section\" data-settings=\"{&quot;stretch_section&quot;:&quot;section-stretched&quot;}\">\n\t\t\t\t\t\t<div class=\"elementor-container elementor-column-gap-no\">\n\t\t\t\t\t<div class=\"elementor-column elementor-col-100 elementor-top-column elementor-element elementor-element-dfc1dba\" data-id=\"dfc1dba\" data-element_type=\"column\">\n\t\t\t<div class=\"elementor-widget-wrap elementor-element-populated\">\n\t\t\t\t\t\t<div class=\"elementor-element elementor-element-3fa31a6 elementor-widget elementor-widget-google_maps\" data-id=\"3fa31a6\" data-element_type=\"widget\" data-widget_type=\"google_maps.default\">\n\t\t\t\t<div class=\"elementor-widget-container\">\n\t\t\t\t\t\t\t<div class=\"elementor-custom-embed\">\n\t\t\t<iframe loading=\"lazy\"\n\t\t\t\t\tsrc=\"https:\/\/maps.google.com\/maps?q=Rua%20de%20Santos%20Pousada%2C%20179%204000-485%20Porto%20Portugal&#038;t=m&#038;z=15&#038;output=embed&#038;iwloc=near\"\n\t\t\t\t\ttitle=\"Rua de Santos Pousada, 179 4000-485 Porto Portugal\"\n\t\t\t\t\taria-label=\"Rua de Santos Pousada, 179 4000-485 Porto Portugal\"\n\t\t\t><\/iframe>\n\t\t<\/div>\n\t\t\t\t\t\t<\/div>\n\t\t\t\t<\/div>\n\t\t\t\t\t<\/div>\n\t\t<\/div>\n\t\t\t\t\t<\/div>\n\t\t<\/section>\n\t\t\t\t<section class=\"elementor-section elementor-top-section elementor-element elementor-element-3fdebd4 elementor-section-content-top elementor-section-boxed elementor-section-height-default elementor-section-height-default\" data-id=\"3fdebd4\" data-element_type=\"section\">\n\t\t\t\t\t\t<div class=\"elementor-container elementor-column-gap-wider\">\n\t\t\t\t\t<div class=\"elementor-column elementor-col-50 elementor-top-column elementor-element elementor-element-b276ccd\" data-id=\"b276ccd\" data-element_type=\"column\">\n\t\t\t<div class=\"elementor-widget-wrap elementor-element-populated\">\n\t\t\t\t\t\t<div class=\"elementor-element elementor-element-bd3b51e elementor-widget elementor-widget-heading\" data-id=\"bd3b51e\" data-element_type=\"widget\" data-widget_type=\"heading.default\">\n\t\t\t\t<div class=\"elementor-widget-container\">\n\t\t\t\t\t<h6 class=\"elementor-heading-title elementor-size-default\">Nossos Contactos<\/h6>\t\t\t\t<\/div>\n\t\t\t\t<\/div>\n\t\t\t\t<div class=\"elementor-element elementor-element-ca20b00 elementor-widget elementor-widget-heading\" data-id=\"ca20b00\" data-element_type=\"widget\" data-widget_type=\"heading.default\">\n\t\t\t\t<div class=\"elementor-widget-container\">\n\t\t\t\t\t<h2 class=\"elementor-heading-title elementor-size-default\">Endere\u00e7o e Contactos<\/h2>\t\t\t\t<\/div>\n\t\t\t\t<\/div>\n\t\t\t\t<div class=\"elementor-element elementor-element-f5cbf29 elementor-widget elementor-widget-text-editor\" data-id=\"f5cbf29\" data-element_type=\"widget\" data-widget_type=\"text-editor.default\">\n\t\t\t\t<div class=\"elementor-widget-container\">\n\t\t\t\t\t\t\t\t\t<div id=\"text-11\" class=\"widget widget_text\"><p>CTEL \u2013 Companhia de Tecnologias de Empresa, Lda.<br \/>Dept. Exporta\u00e7\u00e3o<br \/>Rua de Santos Pousada, 179<br \/>4000-485 Porto, Portugal<\/p><div class=\"textwidget\"><p><img decoding=\"async\" class=\"emoji\" role=\"img\" draggable=\"false\" src=\"https:\/\/s.w.org\/images\/core\/emoji\/15.0.3\/svg\/2709.svg\" alt=\"\u2709\ufe0f\" \/> export@ctel.pt<br \/>\u260f +351 228 300 500 *<\/p><\/div><\/div><p>*(Chamada para a rede fixa nacional)<\/p><p><img decoding=\"async\" class=\"alignnone size-full wp-image-7573\" src=\"https:\/\/ctelexport.com\/web\/wp-content\/uploads\/2026\/01\/Imagem_14.jpg\" alt=\"\" width=\"500\" \/><\/p>\t\t\t\t\t\t\t\t<\/div>\n\t\t\t\t<\/div>\n\t\t\t\t\t<\/div>\n\t\t<\/div>\n\t\t\t\t<div class=\"elementor-column elementor-col-50 elementor-top-column elementor-element elementor-element-4e729dc\" data-id=\"4e729dc\" data-element_type=\"column\">\n\t\t\t<div class=\"elementor-widget-wrap elementor-element-populated\">\n\t\t\t\t\t\t<div class=\"elementor-element elementor-element-99bc42d elementor-widget elementor-widget-heading\" data-id=\"99bc42d\" data-element_type=\"widget\" data-widget_type=\"heading.default\">\n\t\t\t\t<div class=\"elementor-widget-container\">\n\t\t\t\t\t<h6 class=\"elementor-heading-title elementor-size-default\">Precisa de ajuda?<\/h6>\t\t\t\t<\/div>\n\t\t\t\t<\/div>\n\t\t\t\t<div class=\"elementor-element elementor-element-0b0e079 elementor-widget elementor-widget-heading\" data-id=\"0b0e079\" data-element_type=\"widget\" data-widget_type=\"heading.default\">\n\t\t\t\t<div class=\"elementor-widget-container\">\n\t\t\t\t\t<h2 class=\"elementor-heading-title elementor-size-default\">Entre em contacto<\/h2>\t\t\t\t<\/div>\n\t\t\t\t<\/div>\n\t\t\t\t<div class=\"elementor-element elementor-element-50a6401 elementor-widget elementor-widget-shortcode\" data-id=\"50a6401\" data-element_type=\"widget\" data-widget_type=\"shortcode.default\">\n\t\t\t\t<div class=\"elementor-widget-container\">\n\t\t\t\t\t\t\t<div class=\"elementor-shortcode\"><style id=\"wpforms-css-vars-7319\">\n\t\t\t\t#wpforms-7319 {\n\t\t\t\t--wpforms-container-padding: 0px;\n--wpforms-container-border-width: 1px;\n--wpforms-container-border-radius: 3px;\n--wpforms-background-color: rgba(0, 0, 0, 0);\n--wpforms-field-size-input-height: 43px;\n--wpforms-field-size-input-spacing: 15px;\n--wpforms-field-size-font-size: 16px;\n--wpforms-field-size-line-height: 19px;\n--wpforms-field-size-padding-h: 14px;\n--wpforms-field-size-checkbox-size: 16px;\n--wpforms-field-size-sublabel-spacing: 5px;\n--wpforms-field-size-icon-size: 1;\n--wpforms-label-size-font-size: 16px;\n--wpforms-label-size-line-height: 19px;\n--wpforms-label-size-sublabel-font-size: 14px;\n--wpforms-label-size-sublabel-line-height: 17px;\n--wpforms-button-size-font-size: 17px;\n--wpforms-button-size-height: 41px;\n--wpforms-button-size-padding-h: 15px;\n--wpforms-button-size-margin-top: 10px;\n--wpforms-container-shadow-size-box-shadow: none;\n\n\t\t\t}\n\t\t\t<\/style><div class=\"wpforms-container wpforms-container-full wpforms-render-modern\" id=\"wpforms-7319\"><form id=\"wpforms-form-7319\" class=\"wpforms-validate wpforms-form wpforms-ajax-form\" data-formid=\"7319\" method=\"post\" enctype=\"multipart\/form-data\" action=\"\/web\/index.php\/wp-json\/wp\/v2\/pages\/1132\" data-token=\"0b7c35c489eec19a9b377898349e9735\" data-token-time=\"1776966202\"><noscript class=\"wpforms-error-noscript\">Please enable JavaScript in your browser to complete this form.<\/noscript><div id=\"wpforms-error-noscript\" style=\"display: none;\">Please enable JavaScript in your browser to complete this form.<\/div><div class=\"wpforms-field-container\"><div id=\"wpforms-7319-field_1-container\" class=\"wpforms-field wpforms-field-name\" data-field-id=\"1\"><fieldset><legend class=\"wpforms-field-label wpforms-label-hide\" aria-hidden=\"false\">Nome \/ Telefone <span class=\"wpforms-required-label\" aria-hidden=\"true\">*<\/span><\/legend><div class=\"wpforms-field-row wpforms-field-medium\"><div class=\"wpforms-field-row-block wpforms-first wpforms-one-half\"><input type=\"text\" id=\"wpforms-7319-field_1\" class=\"wpforms-field-name-first wpforms-field-required\" name=\"wpforms[fields][1][first]\" placeholder=\"Nome\" aria-errormessage=\"wpforms-7319-field_1-error\" required><label for=\"wpforms-7319-field_1\" class=\"wpforms-field-sublabel after wpforms-sublabel-hide\">First<\/label><\/div><div class=\"wpforms-field-row-block wpforms-one-half\"><input type=\"text\" id=\"wpforms-7319-field_1-last\" class=\"wpforms-field-name-last wpforms-field-required\" name=\"wpforms[fields][1][last]\" placeholder=\"Telefone\" aria-errormessage=\"wpforms-7319-field_1-last-error\" required><label for=\"wpforms-7319-field_1-last\" class=\"wpforms-field-sublabel after wpforms-sublabel-hide\">Last<\/label><\/div><\/div><\/fieldset><\/div><div id=\"wpforms-7319-field_2-container\" class=\"wpforms-field wpforms-field-email\" data-field-id=\"2\"><label class=\"wpforms-field-label wpforms-label-hide\" for=\"wpforms-7319-field_2\" aria-hidden=\"false\">Email <span class=\"wpforms-required-label\" aria-hidden=\"true\">*<\/span><\/label><input type=\"email\" id=\"wpforms-7319-field_2\" class=\"wpforms-field-medium wpforms-field-required\" name=\"wpforms[fields][2]\" placeholder=\"Email\" spellcheck=\"false\" aria-errormessage=\"wpforms-7319-field_2-error\" required><\/div><div id=\"wpforms-7319-field_4-container\" class=\"wpforms-field wpforms-field-text\" data-field-id=\"4\"><label class=\"wpforms-field-label wpforms-label-hide\" for=\"wpforms-7319-field_4\" aria-hidden=\"false\">Empresa<\/label><input type=\"text\" id=\"wpforms-7319-field_4\" class=\"wpforms-field-medium\" name=\"wpforms[fields][4]\" placeholder=\"Empresa\" aria-errormessage=\"wpforms-7319-field_4-error\" ><\/div><div id=\"wpforms-7319-field_5-container\" class=\"wpforms-field wpforms-field-text\" data-field-id=\"5\"><label class=\"wpforms-field-label wpforms-label-hide\" for=\"wpforms-7319-field_5\" aria-hidden=\"false\">Cargo<\/label><input type=\"text\" id=\"wpforms-7319-field_5\" class=\"wpforms-field-medium\" name=\"wpforms[fields][5]\" placeholder=\"Cargo\" aria-errormessage=\"wpforms-7319-field_5-error\" ><\/div><div id=\"wpforms-7319-field_3-container\" class=\"wpforms-field wpforms-field-textarea\" data-field-id=\"3\"><label class=\"wpforms-field-label wpforms-label-hide\" for=\"wpforms-7319-field_3\" aria-hidden=\"false\">Descri\u00e7\u00e3o do pedido<\/label><textarea id=\"wpforms-7319-field_3\" class=\"wpforms-field-medium\" name=\"wpforms[fields][3]\" placeholder=\"Descri\u00e7\u00e3o do pedido\" aria-errormessage=\"wpforms-7319-field_3-error\" ><\/textarea><\/div>\t\t<div id=\"wpforms-7319-field_7-container\"\n\t\t\tclass=\"wpforms-field wpforms-field-text\"\n\t\t\tdata-field-type=\"text\"\n\t\t\tdata-field-id=\"7\"\n\t\t\t>\n\t\t\t<label class=\"wpforms-field-label\" for=\"wpforms-7319-field_7\" >Cargo de Pol\u00edtica<\/label>\n\t\t\t<input type=\"text\" id=\"wpforms-7319-field_7\" class=\"wpforms-field-medium\" name=\"wpforms[fields][7]\" >\n\t\t<\/div>\n\t\t<div id=\"wpforms-7319-field_6-container\" class=\"wpforms-field wpforms-field-checkbox\" data-field-id=\"6\"><fieldset><legend class=\"wpforms-field-label wpforms-label-hide\" aria-hidden=\"false\">Pol\u00edtica de Privacidade <span class=\"wpforms-required-label\" aria-hidden=\"true\">*<\/span><\/legend><ul id=\"wpforms-7319-field_6\" class=\"wpforms-field-required\"><li class=\"choice-1 depth-1\"><input type=\"checkbox\" id=\"wpforms-7319-field_6_1\" name=\"wpforms[fields][6][]\" value=\"Aceitar Pol\u00edtica de Privacidade\" aria-errormessage=\"wpforms-7319-field_6_1-error\" aria-describedby=\"wpforms-7319-field_6-description\" required ><label class=\"wpforms-field-label-inline\" for=\"wpforms-7319-field_6_1\">Aceitar Pol\u00edtica de Privacidade <span class=\"wpforms-required-label\">*<\/span><\/label><\/li><\/ul><div id=\"wpforms-7319-field_6-description\" class=\"wpforms-field-description wpforms-disclaimer-description\">Pol\u00edtica de Privacidade<br \/>\n<br \/>\nPor favor, leia este texto e conhe\u00e7a melhor a nossa Pol\u00edtica de Privacidade.<br \/>\n<br \/>\nPol\u00edtica de privacidade online da CTEL EXPORT fornece informa\u00e7\u00f5es sobre precis\u00e3o, acesso, seguran\u00e7a e a forma como CTEL EXPORT controla as informa\u00e7\u00f5es dos clientes obtidas a partir do respectivo Web site.<br \/>\nEste site \u00e9 propriedade da CTEL \u2013 Companhia de Tecnologias de Empresa, Lda.<br \/>\n<br \/>\nA Pol\u00edtica de Privacidade da CTEL<br \/>\nA presente Pol\u00edtica de Privacidade engloba os dados pessoais que identificam claramente os visitantes a este site recolhidos sempre que o site www.ctelexport.com \u00e9 visitado, bem como quando est\u00e3o a ser utilizados os servi\u00e7os que prestamos.<br \/>\nEsta pol\u00edtica n\u00e3o se aplica a empresas que n\u00e3o estejam sobe a supervis\u00e3o da CTEL, assim como tamb\u00e9m n\u00e3o engloba pessoas externas \u00e0 CTEL.<br \/>\n<br \/>\nRecolha e Tratamento dos Dados Pessoais<br \/>\nEm www.ctelexport.com recolhemos informa\u00e7\u00e3o sempre que haja um registo volunt\u00e1rio do visitante. A informa\u00e7\u00e3o assim recolhida \u00e9 individualmente identific\u00e1vel (dados pessoais).<br \/>\nRecolhemos igualmente informa\u00e7\u00e3o sobre o sistema inform\u00e1tico utilizado para aceder a www.ctelexport.com, sempre que visite p\u00e1ginas em www.ctelexport.com.<br \/>\nOs dados inform\u00e1ticos recolhidos s\u00e3o, nomeadamente os referentes ao ponto de acesso, recebidos atrav\u00e9s dos browsers que incluem o endere\u00e7o de IP (Internet Protocol). Geram-se cookies com informa\u00e7\u00f5es sobre a p\u00e1gina visitada, que s\u00e3o instalados nos sistemas inform\u00e1ticos onde essa op\u00e7\u00e3o esteja activada.<br \/>\nOs dados obtidos desta forma n\u00e3o s\u00e3o individualmente identific\u00e1veis. N\u00e3o s\u00e3o, portanto, dados pessoais e os visitantes continuam an\u00f3nimos.<br \/>\n<br \/>\nPartilha e Divulga\u00e7\u00e3o dos Dados Pessoais<br \/>\nPor considerar informa\u00e7\u00e3o confidencial e individual, a CTEL \u2013 Companhia de Tecnologias de Empresa, Lda. n\u00e3o vender\u00e1 ou ceder\u00e1 a terceiros os dados pessoais dos visitantes registados. Estes apenas s\u00e3o utilizados no \u00e2mbito das actividades da CTEL EXPORT e sempre com o objectivo de melhorar o servi\u00e7o prestado aos subscritores dos seus servi\u00e7os.<br \/>\n<br \/>\nCookies<br \/>\nO site www.ctelexport.com pode instalar e enviar cookies para o computador do visitante registado, desde que esta op\u00e7\u00e3o esteja activada no computador utilizado para fazer a navega\u00e7\u00e3o.<br \/>\nA CTEL poder\u00e1 rectificar esta pol\u00edtica em qualquer momento.<\/div><\/fieldset><\/div><script>\n\t\t\t\t( function() {\n\t\t\t\t\tconst style = document.createElement( 'style' );\n\t\t\t\t\tstyle.appendChild( document.createTextNode( '#wpforms-7319-field_7-container { position: absolute !important; overflow: hidden !important; display: inline !important; height: 1px !important; width: 1px !important; z-index: -1000 !important; padding: 0 !important; } #wpforms-7319-field_7-container input { visibility: hidden; } #wpforms-conversational-form-page #wpforms-7319-field_7-container label { counter-increment: none; }' ) );\n\t\t\t\t\tdocument.head.appendChild( style );\n\t\t\t\t\tdocument.currentScript?.remove();\n\t\t\t\t} )();\n\t\t\t<\/script><\/div><!-- .wpforms-field-container --><div class=\"wpforms-recaptcha-container wpforms-is-recaptcha wpforms-is-recaptcha-type-v3\" ><input type=\"hidden\" name=\"wpforms[recaptcha]\" value=\"\"><\/div><div class=\"wpforms-submit-container\" ><input type=\"hidden\" name=\"wpforms[id]\" value=\"7319\"><input type=\"hidden\" name=\"page_title\" value=\"\"><input type=\"hidden\" name=\"page_url\" value=\"https:\/\/ctelexport.com\/web\/index.php\/wp-json\/wp\/v2\/pages\/1132\"><input type=\"hidden\" name=\"url_referer\" value=\"\"><button type=\"submit\" name=\"wpforms[submit]\" id=\"wpforms-submit-7319\" class=\"wpforms-submit\" data-alt-text=\"Submeter\" data-submit-text=\"Submeter\" aria-live=\"assertive\" value=\"wpforms-submit\">Submeter<\/button><img decoding=\"async\" src=\"https:\/\/ctelexport.com\/web\/wp-content\/plugins\/wpforms-lite\/assets\/images\/submit-spin.svg\" class=\"wpforms-submit-spinner\" style=\"display: none;\" width=\"26\" height=\"26\" alt=\"Loading\"><\/div><\/form><\/div>  <!-- .wpforms-container --><\/div>\n\t\t\t\t\t\t<\/div>\n\t\t\t\t<\/div>\n\t\t\t\t\t<\/div>\n\t\t<\/div>\n\t\t\t\t\t<\/div>\n\t\t<\/section>\n\t\t\t\t<\/div>\n\t\t","protected":false},"excerpt":{"rendered":"<p>Nossos Contactos Endere\u00e7o e Contactos CTEL \u2013 Companhia de Tecnologias de Empresa, Lda.Dept. Exporta\u00e7\u00e3oRua de Santos Pousada, 1794000-485 Porto, Portugal export@ctel.pt\u260f +351 228 300 500 * *(Chamada para a rede &#8230;<\/p>\n","protected":false},"author":1,"featured_media":0,"parent":0,"menu_order":0,"comment_status":"closed","ping_status":"closed","template":"","meta":{"footnotes":""},"class_list":["post-1132","page","type-page","status-publish","hentry"],"_links":{"self":[{"href":"https:\/\/ctelexport.com\/web\/index.php\/wp-json\/wp\/v2\/pages\/1132","targetHints":{"allow":["GET"]}}],"collection":[{"href":"https:\/\/ctelexport.com\/web\/index.php\/wp-json\/wp\/v2\/pages"}],"about":[{"href":"https:\/\/ctelexport.com\/web\/index.php\/wp-json\/wp\/v2\/types\/page"}],"author":[{"embeddable":true,"href":"https:\/\/ctelexport.com\/web\/index.php\/wp-json\/wp\/v2\/users\/1"}],"replies":[{"embeddable":true,"href":"https:\/\/ctelexport.com\/web\/index.php\/wp-json\/wp\/v2\/comments?post=1132"}],"version-history":[{"count":64,"href":"https:\/\/ctelexport.com\/web\/index.php\/wp-json\/wp\/v2\/pages\/1132\/revisions"}],"predecessor-version":[{"id":7857,"href":"https:\/\/ctelexport.com\/web\/index.php\/wp-json\/wp\/v2\/pages\/1132\/revisions\/7857"}],"wp:attachment":[{"href":"https:\/\/ctelexport.com\/web\/index.php\/wp-json\/wp\/v2\/media?parent=1132"}],"curies":[{"name":"wp","href":"https:\/\/api.w.org\/{rel}","templated":true}]}}