{"id":7256,"date":"2025-06-11T18:50:46","date_gmt":"2025-06-11T18:50:46","guid":{"rendered":"https:\/\/ctelexport.com\/web\/?page_id=7256"},"modified":"2026-01-27T20:17:06","modified_gmt":"2026-01-27T20:17:06","slug":"referencias","status":"publish","type":"page","link":"https:\/\/ctelexport.com\/web\/index.php\/referencias\/","title":{"rendered":"REFER\u00caNCIAS"},"content":{"rendered":"\t\t<div data-elementor-type=\"wp-page\" data-elementor-id=\"7256\" class=\"elementor elementor-7256\">\n\t\t\t\t\t\t<section class=\"elementor-section elementor-top-section elementor-element elementor-element-7e712980 elementor-section-stretched elementor-section-full_width elementor-section-height-default elementor-section-height-default\" data-id=\"7e712980\" data-element_type=\"section\" data-settings=\"{&quot;stretch_section&quot;:&quot;section-stretched&quot;,&quot;background_background&quot;:&quot;classic&quot;}\">\n\t\t\t\t\t\t<div class=\"elementor-container elementor-column-gap-no\">\n\t\t\t\t\t<div class=\"elementor-column elementor-col-100 elementor-top-column elementor-element elementor-element-7fab6936\" data-id=\"7fab6936\" data-element_type=\"column\">\n\t\t\t<div class=\"elementor-widget-wrap elementor-element-populated\">\n\t\t\t\t\t\t<section class=\"elementor-section elementor-inner-section elementor-element elementor-element-26c3b834 elementor-section-boxed elementor-section-height-default elementor-section-height-default\" data-id=\"26c3b834\" data-element_type=\"section\">\n\t\t\t\t\t\t<div class=\"elementor-container elementor-column-gap-default\">\n\t\t\t\t\t<div class=\"elementor-column elementor-col-50 elementor-inner-column elementor-element elementor-element-68ff628d\" data-id=\"68ff628d\" data-element_type=\"column\">\n\t\t\t<div class=\"elementor-widget-wrap elementor-element-populated\">\n\t\t\t\t\t\t<div class=\"elementor-element elementor-element-19ca04e elementor-invisible elementor-widget elementor-widget-heading\" data-id=\"19ca04e\" data-element_type=\"widget\" data-settings=\"{&quot;_animation&quot;:&quot;fadeInUp&quot;}\" data-widget_type=\"heading.default\">\n\t\t\t\t<div class=\"elementor-widget-container\">\n\t\t\t\t\t<h1 class=\"elementor-heading-title elementor-size-default\">Refer\u00eancias<\/h1>\t\t\t\t<\/div>\n\t\t\t\t<\/div>\n\t\t\t\t\t<\/div>\n\t\t<\/div>\n\t\t\t\t<div class=\"elementor-column elementor-col-50 elementor-inner-column elementor-element elementor-element-6c15fb59\" data-id=\"6c15fb59\" data-element_type=\"column\">\n\t\t\t<div class=\"elementor-widget-wrap\">\n\t\t\t\t\t\t\t<\/div>\n\t\t<\/div>\n\t\t\t\t\t<\/div>\n\t\t<\/section>\n\t\t\t\t\t<\/div>\n\t\t<\/div>\n\t\t\t\t\t<\/div>\n\t\t<\/section>\n\t\t\t\t<section class=\"elementor-section elementor-top-section elementor-element elementor-element-56faba6f elementor-section-boxed elementor-section-height-default elementor-section-height-default\" data-id=\"56faba6f\" data-element_type=\"section\">\n\t\t\t\t\t\t<div class=\"elementor-container elementor-column-gap-wider\">\n\t\t\t\t\t<div class=\"elementor-column elementor-col-50 elementor-top-column elementor-element elementor-element-2e7c6890 elementor-invisible\" data-id=\"2e7c6890\" data-element_type=\"column\" data-settings=\"{&quot;animation&quot;:&quot;fadeIn&quot;}\">\n\t\t\t<div class=\"elementor-widget-wrap elementor-element-populated\">\n\t\t\t\t\t\t<div class=\"elementor-element elementor-element-2958f262 title-left elementor-widget elementor-widget-heading\" data-id=\"2958f262\" data-element_type=\"widget\" data-widget_type=\"heading.default\">\n\t\t\t\t<div class=\"elementor-widget-container\">\n\t\t\t\t\t<h2 class=\"elementor-heading-title elementor-size-default\">CTEL EXPORT no mundo<\/h2>\t\t\t\t<\/div>\n\t\t\t\t<\/div>\n\t\t\t\t<div class=\"elementor-element elementor-element-79ec0cd0 elementor-widget elementor-widget-text-editor\" data-id=\"79ec0cd0\" data-element_type=\"widget\" data-widget_type=\"text-editor.default\">\n\t\t\t\t<div class=\"elementor-widget-container\">\n\t\t\t\t\t\t\t\t\t<p>A <strong>CTEL EXPORT<\/strong> tem contratos com clientes localizados em v\u00e1rias regi\u00f5es do mundo : \u00c1frica do Norte, \u00c1frica Subsaariana, \u00c1sia, Am\u00e9rica Latina, Europa e ilhas como os A\u00e7ores, a Madeira e Cabo Verde. O nosso objectivo \u00e9 fazer com que a oferta coincida com a procura sem barreiras geogr\u00e1ficas. \u201cPara que tudo esteja ao seu alcance, o mais importante \u00e9 encontrar um bom parceiro.\u201d <br \/><strong>Estamos preparados para lhe oferecer o melhor.<\/strong><\/p>\t\t\t\t\t\t\t\t<\/div>\n\t\t\t\t<\/div>\n\t\t\t\t\t<\/div>\n\t\t<\/div>\n\t\t\t\t<div class=\"elementor-column elementor-col-50 elementor-top-column elementor-element elementor-element-5ff07cbb elementor-invisible\" data-id=\"5ff07cbb\" data-element_type=\"column\" data-settings=\"{&quot;animation&quot;:&quot;fadeIn&quot;,&quot;animation_delay&quot;:200}\">\n\t\t\t<div class=\"elementor-widget-wrap elementor-element-populated\">\n\t\t\t\t\t\t<div class=\"elementor-element elementor-element-5f6ca61a animated-fast elementor-invisible elementor-widget elementor-widget-image\" data-id=\"5f6ca61a\" data-element_type=\"widget\" data-settings=\"{&quot;_animation&quot;:&quot;fadeIn&quot;}\" data-widget_type=\"image.default\">\n\t\t\t\t<div class=\"elementor-widget-container\">\n\t\t\t\t\t\t\t\t\t\t\t\t\t\t\t<img fetchpriority=\"high\" decoding=\"async\" width=\"800\" height=\"471\" src=\"https:\/\/ctelexport.com\/web\/wp-content\/uploads\/2025\/08\/o-homem-de-negocios-que-toca-em-uma-tela-virtual.jpg\" class=\"attachment-large size-large wp-image-7574\" alt=\"\" srcset=\"https:\/\/ctelexport.com\/web\/wp-content\/uploads\/2025\/08\/o-homem-de-negocios-que-toca-em-uma-tela-virtual.jpg 1000w, https:\/\/ctelexport.com\/web\/wp-content\/uploads\/2025\/08\/o-homem-de-negocios-que-toca-em-uma-tela-virtual-300x177.jpg 300w, https:\/\/ctelexport.com\/web\/wp-content\/uploads\/2025\/08\/o-homem-de-negocios-que-toca-em-uma-tela-virtual-768x452.jpg 768w\" sizes=\"(max-width: 800px) 100vw, 800px\" \/>\t\t\t\t\t\t\t\t\t\t\t\t\t\t\t<\/div>\n\t\t\t\t<\/div>\n\t\t\t\t\t<\/div>\n\t\t<\/div>\n\t\t\t\t\t<\/div>\n\t\t<\/section>\n\t\t\t\t<section class=\"elementor-section elementor-top-section elementor-element elementor-element-7527b2de elementor-section-boxed elementor-section-height-default elementor-section-height-default\" data-id=\"7527b2de\" data-element_type=\"section\">\n\t\t\t\t\t\t<div class=\"elementor-container elementor-column-gap-wider\">\n\t\t\t\t\t<div class=\"elementor-column elementor-col-50 elementor-top-column elementor-element elementor-element-4770a823 elementor-invisible\" data-id=\"4770a823\" data-element_type=\"column\" data-settings=\"{&quot;animation&quot;:&quot;fadeIn&quot;,&quot;animation_delay&quot;:200}\">\n\t\t\t<div class=\"elementor-widget-wrap elementor-element-populated\">\n\t\t\t\t\t\t<div class=\"elementor-element elementor-element-2f07a38a title-right elementor-widget elementor-widget-heading\" data-id=\"2f07a38a\" data-element_type=\"widget\" data-widget_type=\"heading.default\">\n\t\t\t\t<div class=\"elementor-widget-container\">\n\t\t\t\t\t<h2 class=\"elementor-heading-title elementor-size-default\">Os Servi\u00e7os T\u00e9cnicos<\/h2>\t\t\t\t<\/div>\n\t\t\t\t<\/div>\n\t\t\t\t<div class=\"elementor-element elementor-element-79036 elementor-widget elementor-widget-text-editor\" data-id=\"79036\" data-element_type=\"widget\" data-widget_type=\"text-editor.default\">\n\t\t\t\t<div class=\"elementor-widget-container\">\n\t\t\t\t\t\t\t\t\t<p>Os nossos engenheiros especializados em diversas \u00e1reas, criam, coordenam e encontram as solu\u00e7\u00f5es mais adequadas \u00e0 sua situa\u00e7\u00e3o, o mais r\u00e1pido poss\u00edvel de acordo com as suas normas e exig\u00eancias. As compet\u00eancias da nossa equipa abrangem diversos sectores: electricidade, electr\u00f3nica, energias renov\u00e1veis, inform\u00e1tica, programa\u00e7\u00e3o, etc.<\/p><p>Os nossos t\u00e9cnicos que tratam da parte operacional, possuem uma caracter\u00edstica comum : uma grande polival\u00eancia. Os nossos colaboradores de R&amp;D e forma\u00e7\u00e3o trabalham em conjunto para efectuar da melhor forma as miss\u00f5es que lhes s\u00e3o entregues. Elaboram programas de actividades\/forma\u00e7\u00e3o em fun\u00e7\u00e3o das necessidades do cliente. Participam no ajuste e adapta\u00e7\u00e3o de novas t\u00e9cnicas, fruto da constante evolu\u00e7\u00e3o das novas tecnologias. Criam planos de forma\u00e7\u00e3o e assumem o papel de formador, se o cliente solicitar o servi\u00e7o.<\/p><p>Os t\u00e9cnicos de manuten\u00e7\u00e3o coordenam as interven\u00e7\u00f5es on site e estudam os meios humanos e o material necess\u00e1rio, para executar com efici\u00eancia as tarefas de instala\u00e7\u00e3o, configura\u00e7\u00e3o, e ensaios que lhes s\u00e3o confiadas. O objectivo da nossa equipa de manuten\u00e7\u00e3o, \u00e9 n\u00e3o s\u00f3 p\u00f4r os equipamentos a funcionar, mas tamb\u00e9m assugurar-se que o cliente est\u00e1 completamente satisfeito com o desempenho do material fornecido.<\/p><p>O nosso departamento de log\u00edstica trata de tudo o que rodeia as opera\u00e7\u00f5es de transporte, da sa\u00edda de material at\u00e9 ao destino. O cliente determina na sua encomenda a modalidade de transporte (Incoterms) que lhe convem. A nossa equipa da log\u00edstica examina a situa\u00e7\u00e3o (prazos de entrega, infra-estruturas do pa\u00eds) e determina a melhor solu\u00e7\u00e3o para o transporte do material (por via mar\u00edtima, terrestre, a\u00e9rea ou multimodal). Toda a parte administrativa (seguros, inspec\u00e7\u00f5es, documentos de transporte) fica a nosso cargo.<\/p><p>O nosso Servi\u00e7o Ap\u00f3s Venda entra em campo depois da entrega do material. Os nossos clientes t\u00eam a possibilidade de pedir uma extens\u00e3o da garantia. A nossa rede de subcontratados permite-nos oferecer-lhe prazos de interven\u00e7\u00e3o muito reduzidos em qualquer cidade do mundo, afim de evitar a imobiliza\u00e7\u00e3o do material. Para as substitui\u00e7\u00f5es, asseguramos um servi\u00e7o r\u00e1pido gra\u00e7as as nossas parcerias com transportadoras de servi\u00e7o expresso no mundo inteiro.<\/p>\t\t\t\t\t\t\t\t<\/div>\n\t\t\t\t<\/div>\n\t\t\t\t\t<\/div>\n\t\t<\/div>\n\t\t\t\t<div class=\"elementor-column elementor-col-50 elementor-top-column elementor-element elementor-element-3936fc01 elementor-invisible\" data-id=\"3936fc01\" data-element_type=\"column\" data-settings=\"{&quot;animation&quot;:&quot;fadeIn&quot;}\">\n\t\t\t<div class=\"elementor-widget-wrap elementor-element-populated\">\n\t\t\t\t\t\t<div class=\"elementor-element elementor-element-7c7f2f99 animated-fast elementor-invisible elementor-widget elementor-widget-image\" data-id=\"7c7f2f99\" data-element_type=\"widget\" data-settings=\"{&quot;_animation&quot;:&quot;fadeIn&quot;}\" data-widget_type=\"image.default\">\n\t\t\t\t<div class=\"elementor-widget-container\">\n\t\t\t\t\t\t\t\t\t\t\t\t\t\t\t<img decoding=\"async\" width=\"800\" height=\"533\" src=\"https:\/\/ctelexport.com\/web\/wp-content\/uploads\/2026\/01\/technician-repairing.jpg\" class=\"attachment-large size-large wp-image-7842\" alt=\"\" srcset=\"https:\/\/ctelexport.com\/web\/wp-content\/uploads\/2026\/01\/technician-repairing.jpg 800w, https:\/\/ctelexport.com\/web\/wp-content\/uploads\/2026\/01\/technician-repairing-300x200.jpg 300w, https:\/\/ctelexport.com\/web\/wp-content\/uploads\/2026\/01\/technician-repairing-768x512.jpg 768w\" sizes=\"(max-width: 800px) 100vw, 800px\" \/>\t\t\t\t\t\t\t\t\t\t\t\t\t\t\t<\/div>\n\t\t\t\t<\/div>\n\t\t\t\t<div class=\"elementor-element elementor-element-2cd2ca5 animated-fast elementor-invisible elementor-widget elementor-widget-image\" data-id=\"2cd2ca5\" data-element_type=\"widget\" data-settings=\"{&quot;_animation&quot;:&quot;fadeIn&quot;}\" data-widget_type=\"image.default\">\n\t\t\t\t<div class=\"elementor-widget-container\">\n\t\t\t\t\t\t\t\t\t\t\t\t\t\t\t<img decoding=\"async\" width=\"800\" height=\"534\" src=\"https:\/\/ctelexport.com\/web\/wp-content\/uploads\/2025\/08\/globo-mundo-e-teclado-de-computador.jpg\" class=\"attachment-large size-large wp-image-7569\" alt=\"\" srcset=\"https:\/\/ctelexport.com\/web\/wp-content\/uploads\/2025\/08\/globo-mundo-e-teclado-de-computador.jpg 1000w, https:\/\/ctelexport.com\/web\/wp-content\/uploads\/2025\/08\/globo-mundo-e-teclado-de-computador-300x200.jpg 300w, https:\/\/ctelexport.com\/web\/wp-content\/uploads\/2025\/08\/globo-mundo-e-teclado-de-computador-768x512.jpg 768w\" sizes=\"(max-width: 800px) 100vw, 800px\" \/>\t\t\t\t\t\t\t\t\t\t\t\t\t\t\t<\/div>\n\t\t\t\t<\/div>\n\t\t\t\t\t<\/div>\n\t\t<\/div>\n\t\t\t\t\t<\/div>\n\t\t<\/section>\n\t\t\t\t<section class=\"elementor-section elementor-top-section elementor-element elementor-element-e0b2c93 elementor-section-boxed elementor-section-height-default elementor-section-height-default\" data-id=\"e0b2c93\" data-element_type=\"section\">\n\t\t\t\t\t\t<div class=\"elementor-container elementor-column-gap-wider\">\n\t\t\t\t\t<div class=\"elementor-column elementor-col-50 elementor-top-column elementor-element elementor-element-7bbc6e14 elementor-invisible\" data-id=\"7bbc6e14\" data-element_type=\"column\" data-settings=\"{&quot;animation&quot;:&quot;fadeIn&quot;}\">\n\t\t\t<div class=\"elementor-widget-wrap elementor-element-populated\">\n\t\t\t\t\t\t<div class=\"elementor-element elementor-element-240b9b36 title-left elementor-widget elementor-widget-heading\" data-id=\"240b9b36\" data-element_type=\"widget\" data-widget_type=\"heading.default\">\n\t\t\t\t<div class=\"elementor-widget-container\">\n\t\t\t\t\t<h2 class=\"elementor-heading-title elementor-size-default\">Exemplos Recentes de Instala\u00e7\u00f5es<\/h2>\t\t\t\t<\/div>\n\t\t\t\t<\/div>\n\t\t\t\t<div class=\"elementor-element elementor-element-738bb9a8 elementor-widget elementor-widget-text-editor\" data-id=\"738bb9a8\" data-element_type=\"widget\" data-widget_type=\"text-editor.default\">\n\t\t\t\t<div class=\"elementor-widget-container\">\n\t\t\t\t\t\t\t\t\t<p>\u2022 Fornecimento de equipamento IT e c\u00e2maras de vigil\u00e2ncia para o Kosovo &#8211; Janeiro 2016<br \/>\u2022 Fornecimento de equipamento IT e AVAC para a B\u00f3snia &#8211; Mar\u00e7o 2016<br \/>\u2022 Fornecimento de GPS para a S\u00e9rvia &#8211; Junho 2016<br \/>\u2022 Fornecimento de equipamento IT para o Mali &#8211; Novembro 2016<br \/>\u2022 Fornecimento de equipamento IT + GPS + bin\u00f3culos para Cabo Verde &#8211; Novembro 2016<br \/>\u2022 Fornecimento de equipamento IT para a Guatemala &#8211; Junho 2017<br \/>\u2022 Fornecimento de equipamento IT para o Burkina Faso &#8211; Outubro 2017<br \/>\u2022 Fornecimento de grupo gerador para o Belize &#8211; Maio 2018<br \/>\u2022 Fornecimento de grupos geradores para a Rep\u00fablica Centro Africana &#8211; Junho 2018<br \/>\u2022 Fornecimento de equipamento IT para Angola &#8211; Junho 2018<br \/>\u2022 Fornecimento de grupo gerador para a Let\u00f3nia &#8211; Agosto 2018<br \/>\u2022 Fornecimento de equipamento inform\u00e1tico para pa\u00edses do ASEAN: Camboja, Indon\u00e9sia, Myanmar, Laos e Vietnam &#8211; Outubro 2018<br \/>\u2022 Fornecimento de equipamento de v\u00eddeo para a Argentina &#8211; Maio 2019<br \/>\u2022 Fornecimento de UPS para o L\u00edbano &#8211; Junho 2020<br \/>\u2022 Fornecimento de equipamento IT para o Usbequist\u00e3o &#8211; Outubro 2022<br \/>\u2022 Fornecimento de equipamento IT para a Arm\u00e9nia &#8211; Fevereiro 2023<br \/>\u2022 Fornecimento de equipamento IT para Cuba &#8211; Fevereiro 2023<br \/>\u2022 Fornecimento de equipamento IT para o Senegal &#8211; Junho 2023<br \/>\u2022 Fornecimento de equipamento IT para o Usbequist\u00e3o &#8211; Novembro 2023<br \/>\u2022 Fornecimento de equipamento IT para o Egito &#8211; Novembro 2023<br \/>\u2022 Fornecimento de equipamento IT e fotogr\u00e1fico para o Gana &#8211; Junho 2024<br \/>\u2022 Fornecimento de bin\u00f3culos para o M\u00e9xico &#8211; Junho 2024<br \/>\u2022 Fornecimento de equipamento IT para a Eti\u00f3pia &#8211; Novembro 2024<br \/>\u2022 Fornecimento de equipamento IT para a Nicar\u00e1gua &#8211; Novembro 2024<br \/>\u2022 Fornecimento de GPS para Cuba &#8211; Dezembro 2024<br \/>\u2022 Fornecimento de equipamento IT para a Eti\u00f3pia &#8211; Julho 2025<br \/>\u2022 Fornecimento de equipamento IT para as Seychelles &#8211; Agosto 2025<br \/>\u2022 Fornecimento de equipamento IT para a Argentina &#8211; Outubro 2025<\/p>\t\t\t\t\t\t\t\t<\/div>\n\t\t\t\t<\/div>\n\t\t\t\t\t<\/div>\n\t\t<\/div>\n\t\t\t\t<div class=\"elementor-column elementor-col-50 elementor-top-column elementor-element elementor-element-7e73d3aa elementor-invisible\" data-id=\"7e73d3aa\" data-element_type=\"column\" data-settings=\"{&quot;animation&quot;:&quot;fadeIn&quot;,&quot;animation_delay&quot;:200}\">\n\t\t\t<div class=\"elementor-widget-wrap elementor-element-populated\">\n\t\t\t\t\t\t<div class=\"elementor-element elementor-element-5b6e29e animated-fast elementor-invisible elementor-widget elementor-widget-image\" data-id=\"5b6e29e\" data-element_type=\"widget\" data-settings=\"{&quot;_animation&quot;:&quot;fadeIn&quot;}\" data-widget_type=\"image.default\">\n\t\t\t\t<div class=\"elementor-widget-container\">\n\t\t\t\t\t\t\t\t\t\t\t\t\t\t\t<img loading=\"lazy\" decoding=\"async\" width=\"800\" height=\"457\" src=\"https:\/\/ctelexport.com\/web\/wp-content\/uploads\/2025\/08\/um-longo-corredor-com-uma-fileira-de-servidores-no-centro.jpg\" class=\"attachment-large size-large wp-image-7577\" alt=\"\" srcset=\"https:\/\/ctelexport.com\/web\/wp-content\/uploads\/2025\/08\/um-longo-corredor-com-uma-fileira-de-servidores-no-centro.jpg 1000w, https:\/\/ctelexport.com\/web\/wp-content\/uploads\/2025\/08\/um-longo-corredor-com-uma-fileira-de-servidores-no-centro-300x171.jpg 300w, https:\/\/ctelexport.com\/web\/wp-content\/uploads\/2025\/08\/um-longo-corredor-com-uma-fileira-de-servidores-no-centro-768x439.jpg 768w\" sizes=\"(max-width: 800px) 100vw, 800px\" \/>\t\t\t\t\t\t\t\t\t\t\t\t\t\t\t<\/div>\n\t\t\t\t<\/div>\n\t\t\t\t<div class=\"elementor-element elementor-element-9faed76 animated-fast elementor-invisible elementor-widget elementor-widget-image\" data-id=\"9faed76\" data-element_type=\"widget\" data-settings=\"{&quot;_animation&quot;:&quot;fadeIn&quot;}\" data-widget_type=\"image.default\">\n\t\t\t\t<div class=\"elementor-widget-container\">\n\t\t\t\t\t\t\t\t\t\t\t\t\t\t\t<img loading=\"lazy\" decoding=\"async\" width=\"800\" height=\"617\" src=\"https:\/\/ctelexport.com\/web\/wp-content\/uploads\/2025\/08\/mao-que-prende-um-planeta-terra-brilhante.jpg\" class=\"attachment-large size-large wp-image-7572\" alt=\"\" srcset=\"https:\/\/ctelexport.com\/web\/wp-content\/uploads\/2025\/08\/mao-que-prende-um-planeta-terra-brilhante.jpg 1000w, https:\/\/ctelexport.com\/web\/wp-content\/uploads\/2025\/08\/mao-que-prende-um-planeta-terra-brilhante-300x231.jpg 300w, https:\/\/ctelexport.com\/web\/wp-content\/uploads\/2025\/08\/mao-que-prende-um-planeta-terra-brilhante-768x592.jpg 768w\" sizes=\"(max-width: 800px) 100vw, 800px\" \/>\t\t\t\t\t\t\t\t\t\t\t\t\t\t\t<\/div>\n\t\t\t\t<\/div>\n\t\t\t\t\t<\/div>\n\t\t<\/div>\n\t\t\t\t\t<\/div>\n\t\t<\/section>\n\t\t\t\t<\/div>\n\t\t","protected":false},"excerpt":{"rendered":"<p>Refer\u00eancias CTEL EXPORT no mundo A CTEL EXPORT tem contratos com clientes localizados em v\u00e1rias regi\u00f5es do mundo : \u00c1frica do Norte, \u00c1frica Subsaariana, \u00c1sia, Am\u00e9rica Latina, Europa e ilhas &#8230;<\/p>\n","protected":false},"author":1,"featured_media":0,"parent":0,"menu_order":0,"comment_status":"closed","ping_status":"closed","template":"","meta":{"footnotes":""},"class_list":["post-7256","page","type-page","status-publish","hentry"],"_links":{"self":[{"href":"https:\/\/ctelexport.com\/web\/index.php\/wp-json\/wp\/v2\/pages\/7256","targetHints":{"allow":["GET"]}}],"collection":[{"href":"https:\/\/ctelexport.com\/web\/index.php\/wp-json\/wp\/v2\/pages"}],"about":[{"href":"https:\/\/ctelexport.com\/web\/index.php\/wp-json\/wp\/v2\/types\/page"}],"author":[{"embeddable":true,"href":"https:\/\/ctelexport.com\/web\/index.php\/wp-json\/wp\/v2\/users\/1"}],"replies":[{"embeddable":true,"href":"https:\/\/ctelexport.com\/web\/index.php\/wp-json\/wp\/v2\/comments?post=7256"}],"version-history":[{"count":59,"href":"https:\/\/ctelexport.com\/web\/index.php\/wp-json\/wp\/v2\/pages\/7256\/revisions"}],"predecessor-version":[{"id":7845,"href":"https:\/\/ctelexport.com\/web\/index.php\/wp-json\/wp\/v2\/pages\/7256\/revisions\/7845"}],"wp:attachment":[{"href":"https:\/\/ctelexport.com\/web\/index.php\/wp-json\/wp\/v2\/media?parent=7256"}],"curies":[{"name":"wp","href":"https:\/\/api.w.org\/{rel}","templated":true}]}}