{"id":7298,"date":"2025-06-11T19:22:37","date_gmt":"2025-06-11T19:22:37","guid":{"rendered":"https:\/\/ctelexport.com\/web\/?page_id=7298"},"modified":"2026-01-27T20:20:28","modified_gmt":"2026-01-27T20:20:28","slug":"produtos","status":"publish","type":"page","link":"https:\/\/ctelexport.com\/web\/index.php\/produtos\/","title":{"rendered":"PRODUTOS"},"content":{"rendered":"\t\t<div data-elementor-type=\"wp-page\" data-elementor-id=\"7298\" class=\"elementor elementor-7298\">\n\t\t\t\t\t\t<section class=\"elementor-section elementor-top-section elementor-element elementor-element-7498b42c elementor-section-stretched elementor-section-boxed elementor-section-height-default elementor-section-height-default\" data-id=\"7498b42c\" data-element_type=\"section\" data-settings=\"{&quot;stretch_section&quot;:&quot;section-stretched&quot;,&quot;background_background&quot;:&quot;classic&quot;}\">\n\t\t\t\t\t\t<div class=\"elementor-container elementor-column-gap-no\">\n\t\t\t\t\t<div class=\"elementor-column elementor-col-100 elementor-top-column elementor-element elementor-element-10ab0e0c\" data-id=\"10ab0e0c\" data-element_type=\"column\">\n\t\t\t<div class=\"elementor-widget-wrap elementor-element-populated\">\n\t\t\t\t\t\t<section class=\"elementor-section elementor-inner-section elementor-element elementor-element-564b847b elementor-section-boxed elementor-section-height-default elementor-section-height-default\" data-id=\"564b847b\" data-element_type=\"section\">\n\t\t\t\t\t\t<div class=\"elementor-container elementor-column-gap-default\">\n\t\t\t\t\t<div class=\"elementor-column elementor-col-50 elementor-inner-column elementor-element elementor-element-78bcbd3a\" data-id=\"78bcbd3a\" data-element_type=\"column\">\n\t\t\t<div class=\"elementor-widget-wrap elementor-element-populated\">\n\t\t\t\t\t\t<div class=\"elementor-element elementor-element-5640be93 elementor-invisible elementor-widget elementor-widget-heading\" data-id=\"5640be93\" data-element_type=\"widget\" data-settings=\"{&quot;_animation&quot;:&quot;fadeInUp&quot;}\" data-widget_type=\"heading.default\">\n\t\t\t\t<div class=\"elementor-widget-container\">\n\t\t\t\t\t<h1 class=\"elementor-heading-title elementor-size-default\">Produtos<\/h1>\t\t\t\t<\/div>\n\t\t\t\t<\/div>\n\t\t\t\t\t<\/div>\n\t\t<\/div>\n\t\t\t\t<div class=\"elementor-column elementor-col-50 elementor-inner-column elementor-element elementor-element-49570532\" data-id=\"49570532\" data-element_type=\"column\">\n\t\t\t<div class=\"elementor-widget-wrap\">\n\t\t\t\t\t\t\t<\/div>\n\t\t<\/div>\n\t\t\t\t\t<\/div>\n\t\t<\/section>\n\t\t\t\t\t<\/div>\n\t\t<\/div>\n\t\t\t\t\t<\/div>\n\t\t<\/section>\n\t\t\t\t<section class=\"elementor-section elementor-top-section elementor-element elementor-element-39f2629f elementor-section-boxed elementor-section-height-default elementor-section-height-default\" data-id=\"39f2629f\" data-element_type=\"section\">\n\t\t\t\t\t\t<div class=\"elementor-container elementor-column-gap-wider\">\n\t\t\t\t\t<div class=\"elementor-column elementor-col-50 elementor-top-column elementor-element elementor-element-5066e8d3 elementor-invisible\" data-id=\"5066e8d3\" data-element_type=\"column\" data-settings=\"{&quot;animation&quot;:&quot;fadeIn&quot;,&quot;animation_delay&quot;:200}\">\n\t\t\t<div class=\"elementor-widget-wrap elementor-element-populated\">\n\t\t\t\t\t\t<div class=\"elementor-element elementor-element-257c9e3 title-right elementor-widget elementor-widget-heading\" data-id=\"257c9e3\" data-element_type=\"widget\" data-widget_type=\"heading.default\">\n\t\t\t\t<div class=\"elementor-widget-container\">\n\t\t\t\t\t<h2 class=\"elementor-heading-title elementor-size-default\">Listagem dos produtos mais procurados pelos nossos clientes:<\/h2>\t\t\t\t<\/div>\n\t\t\t\t<\/div>\n\t\t\t\t<div class=\"elementor-element elementor-element-1c67b7de elementor-widget elementor-widget-text-editor\" data-id=\"1c67b7de\" data-element_type=\"widget\" data-widget_type=\"text-editor.default\">\n\t\t\t\t<div class=\"elementor-widget-container\">\n\t\t\t\t\t\t\t\t\t<ul><li>Inform\u00e1tica, impress\u00e3o e reprodu\u00e7\u00e3o de documentos<\/li><li>Computadores, servidores, tablets, port\u00e1teis e telem\u00f3veis<\/li><li>Electricidade e eletr\u00f3nica (cabos, interruptores e instrumentos de medida), sistemas de energia (sistemas de alimenta\u00e7\u00e3o ininterrupta, grupos geradores, transformadores, estabilizadores de tens\u00e3o, baterias), automatismo e ilumina\u00e7\u00e3o<\/li><li>Mobili\u00e1rio e material de escrit\u00f3rio (cadeiras, mesas, material de escrit\u00f3rio diverso, retroprojectores, etc.)<\/li><li>Mobili\u00e1rio e material para uso m\u00e9dico\/hospitalar<\/li><li>Ar condicionado e refrigera\u00e7\u00e3o (aparelhos de ar condicionado, frigor\u00edficos e congeladores para uso pessoal, industrial ou m\u00e9dico)<\/li><li>Aparelhos electrodom\u00e9sticos, de som ou de v\u00eddeo (televisores, leitor de DVD, c\u00e2mara, etc.)<\/li><\/ul><p><strong>\u00a0<\/strong><\/p>\t\t\t\t\t\t\t\t<\/div>\n\t\t\t\t<\/div>\n\t\t\t\t\t<\/div>\n\t\t<\/div>\n\t\t\t\t<div class=\"elementor-column elementor-col-50 elementor-top-column elementor-element elementor-element-74062335 elementor-invisible\" data-id=\"74062335\" data-element_type=\"column\" data-settings=\"{&quot;animation&quot;:&quot;fadeIn&quot;}\">\n\t\t\t<div class=\"elementor-widget-wrap elementor-element-populated\">\n\t\t\t\t\t\t<div class=\"elementor-element elementor-element-63a7a984 animated-fast elementor-invisible elementor-widget elementor-widget-image\" data-id=\"63a7a984\" data-element_type=\"widget\" data-settings=\"{&quot;_animation&quot;:&quot;fadeIn&quot;}\" data-widget_type=\"image.default\">\n\t\t\t\t<div class=\"elementor-widget-container\">\n\t\t\t\t\t\t\t\t\t\t\t\t\t\t\t<img fetchpriority=\"high\" decoding=\"async\" width=\"800\" height=\"686\" src=\"https:\/\/ctelexport.com\/web\/wp-content\/uploads\/2026\/01\/Gerador.jpg\" class=\"attachment-large size-large wp-image-7841\" alt=\"\" srcset=\"https:\/\/ctelexport.com\/web\/wp-content\/uploads\/2026\/01\/Gerador.jpg 800w, https:\/\/ctelexport.com\/web\/wp-content\/uploads\/2026\/01\/Gerador-300x257.jpg 300w, https:\/\/ctelexport.com\/web\/wp-content\/uploads\/2026\/01\/Gerador-768x659.jpg 768w\" sizes=\"(max-width: 800px) 100vw, 800px\" \/>\t\t\t\t\t\t\t\t\t\t\t\t\t\t\t<\/div>\n\t\t\t\t<\/div>\n\t\t\t\t\t<\/div>\n\t\t<\/div>\n\t\t\t\t\t<\/div>\n\t\t<\/section>\n\t\t\t\t<section class=\"elementor-section elementor-top-section elementor-element elementor-element-44f1c7f6 elementor-section-boxed elementor-section-height-default elementor-section-height-default\" data-id=\"44f1c7f6\" data-element_type=\"section\">\n\t\t\t\t\t\t<div class=\"elementor-container elementor-column-gap-wider\">\n\t\t\t\t\t<div class=\"elementor-column elementor-col-50 elementor-top-column elementor-element elementor-element-27520133 elementor-invisible\" data-id=\"27520133\" data-element_type=\"column\" data-settings=\"{&quot;animation&quot;:&quot;fadeIn&quot;}\">\n\t\t\t<div class=\"elementor-widget-wrap elementor-element-populated\">\n\t\t\t\t\t\t<div class=\"elementor-element elementor-element-435667be title-left elementor-widget elementor-widget-heading\" data-id=\"435667be\" data-element_type=\"widget\" data-widget_type=\"heading.default\">\n\t\t\t\t<div class=\"elementor-widget-container\">\n\t\t\t\t\t<h2 class=\"elementor-heading-title elementor-size-default\">Outros produtos<\/h2>\t\t\t\t<\/div>\n\t\t\t\t<\/div>\n\t\t\t\t<div class=\"elementor-element elementor-element-23694120 elementor-widget elementor-widget-text-editor\" data-id=\"23694120\" data-element_type=\"widget\" data-widget_type=\"text-editor.default\">\n\t\t\t\t<div class=\"elementor-widget-container\">\n\t\t\t\t\t\t\t\t\t<p>Procuramos de forma constante novos produtos, para acompanhar a evolu\u00e7\u00e3o das Novas Tecnologias. A procura modifica-se de forma r\u00e1pida. Para acompanhar as tend\u00eancias, a nossa equipa comercial realiza um trabalho de prospec\u00e7\u00e3o, essencial para que a oferta corresponda \u00e0 procura. O nosso departamento de compras negocia com os melhores fornecedores para poder oferecer-lhe os produtos com a melhor qualidade\/pre\u00e7o e com os prazos de entrega mais reduzidos.<\/p>\t\t\t\t\t\t\t\t<\/div>\n\t\t\t\t<\/div>\n\t\t\t\t\t<\/div>\n\t\t<\/div>\n\t\t\t\t<div class=\"elementor-column elementor-col-50 elementor-top-column elementor-element elementor-element-2a112118 elementor-invisible\" data-id=\"2a112118\" data-element_type=\"column\" data-settings=\"{&quot;animation&quot;:&quot;fadeIn&quot;,&quot;animation_delay&quot;:200}\">\n\t\t\t<div class=\"elementor-widget-wrap elementor-element-populated\">\n\t\t\t\t\t\t<div class=\"elementor-element elementor-element-7ea0b9d5 animated-fast elementor-invisible elementor-widget elementor-widget-image\" data-id=\"7ea0b9d5\" data-element_type=\"widget\" data-settings=\"{&quot;_animation&quot;:&quot;fadeIn&quot;}\" data-widget_type=\"image.default\">\n\t\t\t\t<div class=\"elementor-widget-container\">\n\t\t\t\t\t\t\t\t\t\t\t\t\t\t\t<img decoding=\"async\" width=\"300\" height=\"192\" src=\"https:\/\/ctelexport.com\/web\/wp-content\/uploads\/2026\/01\/Imagem_7-300x192.png\" class=\"attachment-medium size-medium wp-image-7729\" alt=\"\" srcset=\"https:\/\/ctelexport.com\/web\/wp-content\/uploads\/2026\/01\/Imagem_7-300x192.png 300w, https:\/\/ctelexport.com\/web\/wp-content\/uploads\/2026\/01\/Imagem_7-1024x655.png 1024w, https:\/\/ctelexport.com\/web\/wp-content\/uploads\/2026\/01\/Imagem_7-768x492.png 768w, https:\/\/ctelexport.com\/web\/wp-content\/uploads\/2026\/01\/Imagem_7-460x295.png 460w, https:\/\/ctelexport.com\/web\/wp-content\/uploads\/2026\/01\/Imagem_7.png 1200w\" sizes=\"(max-width: 300px) 100vw, 300px\" \/>\t\t\t\t\t\t\t\t\t\t\t\t\t\t\t<\/div>\n\t\t\t\t<\/div>\n\t\t\t\t\t<\/div>\n\t\t<\/div>\n\t\t\t\t\t<\/div>\n\t\t<\/section>\n\t\t\t\t<\/div>\n\t\t","protected":false},"excerpt":{"rendered":"<p>Produtos Listagem dos produtos mais procurados pelos nossos clientes: Inform\u00e1tica, impress\u00e3o e reprodu\u00e7\u00e3o de documentos Computadores, servidores, tablets, port\u00e1teis e telem\u00f3veis Electricidade e eletr\u00f3nica (cabos, interruptores e instrumentos de medida), &#8230;<\/p>\n","protected":false},"author":1,"featured_media":0,"parent":0,"menu_order":0,"comment_status":"closed","ping_status":"closed","template":"","meta":{"footnotes":""},"class_list":["post-7298","page","type-page","status-publish","hentry"],"_links":{"self":[{"href":"https:\/\/ctelexport.com\/web\/index.php\/wp-json\/wp\/v2\/pages\/7298","targetHints":{"allow":["GET"]}}],"collection":[{"href":"https:\/\/ctelexport.com\/web\/index.php\/wp-json\/wp\/v2\/pages"}],"about":[{"href":"https:\/\/ctelexport.com\/web\/index.php\/wp-json\/wp\/v2\/types\/page"}],"author":[{"embeddable":true,"href":"https:\/\/ctelexport.com\/web\/index.php\/wp-json\/wp\/v2\/users\/1"}],"replies":[{"embeddable":true,"href":"https:\/\/ctelexport.com\/web\/index.php\/wp-json\/wp\/v2\/comments?post=7298"}],"version-history":[{"count":73,"href":"https:\/\/ctelexport.com\/web\/index.php\/wp-json\/wp\/v2\/pages\/7298\/revisions"}],"predecessor-version":[{"id":7851,"href":"https:\/\/ctelexport.com\/web\/index.php\/wp-json\/wp\/v2\/pages\/7298\/revisions\/7851"}],"wp:attachment":[{"href":"https:\/\/ctelexport.com\/web\/index.php\/wp-json\/wp\/v2\/media?parent=7298"}],"curies":[{"name":"wp","href":"https:\/\/api.w.org\/{rel}","templated":true}]}}